{"id":2994,"date":"2021-05-07T11:38:16","date_gmt":"2021-05-07T09:38:16","guid":{"rendered":"https:\/\/www.deltaneo.com\/our-expertise\/wire-harness-assembly\/"},"modified":"2023-01-26T13:42:35","modified_gmt":"2023-01-26T12:42:35","slug":"wire-harness-assembly","status":"publish","type":"page","link":"https:\/\/www.deltaneo.com\/en\/our-expertise\/wire-harness-assembly\/","title":{"rendered":"Wire Harness Assembly"},"content":{"rendered":"<section class=\"l-section wpb_row height_medium width_full color_secondary with_img parallax_ver\"><div class=\"l-section-img\" role=\"img\" aria-label=\"Image\" data-img-width=\"1920\" data-img-height=\"1280\" style=\"background-image: url(https:\/\/www.deltaneo.com\/wp-content\/uploads\/2020\/07\/DELTA-NEO-marche\u0301-industrie-Connectique.jpg);background-repeat: no-repeat;\"><\/div><div class=\"l-section-overlay\" style=\"background:rgba(0,35,66,0.6)\"><\/div><div class=\"l-section-h i-cf\"><div class=\"g-cols vc_row via_flex valign_top type_default stacking_default\"><div class=\"vc_col-sm-12 wpb_column vc_column_container\"><div class=\"vc_column-inner\"><div class=\"wpb_wrapper\"><h1 class=\"w-post-elm post_title align_center entry-title color_link_inherit\">Wire Harness Assembly<\/h1><\/div><\/div><\/div><\/div><\/div><\/section><section class=\"l-section wpb_row height_medium\"><div class=\"l-section-h i-cf\"><div class=\"g-cols vc_row via_flex valign_middle type_default stacking_default\"><div class=\"vc_col-sm-12 wpb_column vc_column_container us_animate_afc\"><div class=\"vc_column-inner\"><div class=\"wpb_wrapper\"><div class=\"wpb_text_column us_custom_432d3f53\"><div class=\"wpb_wrapper\"><p>Graced with <strong>in-depth expertise and savoir-faire in harness assembly and sub-assembly supply<\/strong> (connectors, cables, terminals and more), we produce solutions from prototypes to mass production.<\/p>\n<\/div><\/div><div class=\"wpb_text_column us_custom_432d3f53\"><div class=\"wpb_wrapper\"><p>Working with other partners, we deliver a solution to any challenge you may face.<br \/>\nOur Romanian subsidiary ensures that we can propose any cost-effective manufacturing solution.<\/p>\n<\/div><\/div><div class=\"wpb_text_column\"><div class=\"wpb_wrapper\"><ul>\n<li>Sleeving<\/li>\n<li>Taping<\/li>\n<li>Welding<\/li>\n<li>Wiring kit<\/li>\n<li>Crimping<\/li>\n<li>Testing<\/li>\n<\/ul>\n<\/div><\/div><div class=\"g-cols wpb_row via_flex valign_top type_default stacking_default\"><div class=\"vc_col-sm-12 wpb_column vc_column_container\"><div class=\"vc_column-inner\"><div class=\"wpb_wrapper\"><div class=\"w-separator size_small\"><\/div><section class=\"l-section wpb_row height_auto width_full\"><div class=\"l-section-h i-cf\"><div class=\"g-cols vc_row via_flex valign_top type_default stacking_default\"><div class=\"vc_col-sm-12 wpb_column vc_column_container\"><div class=\"vc_column-inner\"><div class=\"wpb_wrapper\"><div class=\"w-btn-wrapper align_center\"><a class=\"w-btn us-btn-style_3 icon_atleft\" title=\"Contact\" href=\"https:\/\/www.deltaneo.com\/en\/contact\"><i class=\"far fa-envelope\"><\/i><span class=\"w-btn-label\">Tell us about your challenge<\/span><\/a><\/div><\/div><\/div><\/div><\/div><\/div><\/section>\n<\/div><\/div><\/div><\/div><\/div><\/div><\/div><\/div><\/div><\/section><section class=\"l-section wpb_row height_medium\"><div class=\"l-section-overlay\" style=\"background:#ebf3f5\"><\/div><div class=\"l-section-h i-cf\"><div class=\"g-cols vc_row via_flex valign_top type_default stacking_default\"><div class=\"vc_col-sm-12 wpb_column vc_column_container us_animate_afc\"><div class=\"vc_column-inner\"><div class=\"wpb_wrapper\"><section class=\"l-section wpb_row height_auto width_full\"><div class=\"l-section-h i-cf\"><div class=\"g-cols vc_row via_flex valign_top type_default stacking_default\"><div class=\"vc_col-sm-12 wpb_column vc_column_container\"><div class=\"vc_column-inner\"><div class=\"wpb_wrapper\"><div class=\"wpb_text_column\"><div class=\"wpb_wrapper\"><h2 style=\"text-align: center;\">Our accomplishments in this field<\/h2>\n<\/div><\/div><\/div><\/div><\/div><\/div><\/div><\/section>\n<div class=\"w-separator size_medium\"><\/div><div class=\"w-grid us_custom_a56b0a8c type_masonry layout_358 cols_3 pagination_infinite preload_style_spinner with_isotope ratio_1x1\" id=\"us_grid_1\" style=\"--columns:3;--gap:0.2cqw;--item-ratio:1;\" data-filterable=\"true\"><style>@media (max-width:1024px){#us_grid_1{--columns:2!important}}@media (max-width:600px){#us_grid_1{--columns:1!important}}.layout_358 .w-grid-item-h{background:#002342}.layout_358 .usg_post_image_1{transition-duration:0.4s;transform-origin:50% 50%;transform:scale(1) translate(0%,0%);opacity:0.4}.layout_358 .w-grid-item-h:focus-within .usg_post_image_1,.layout_358 .w-grid-item-h:hover .usg_post_image_1{transform:scale(1.5) translate(0%,0%);opacity:0.4}.layout_358 .usg_post_image_1{position:absolute!important;left:0!important;top:0!important;bottom:0!important;right:0!important}.layout_358 .usg_vwrapper_1{position:absolute!important;top:0!important;right:0!important;bottom:0!important;left:0!important;padding:2rem!important}.layout_358 .usg_post_title_1{color:#ffffff!important;font-size:1.4rem!important;margin-bottom:1rem!important}<\/style><div class=\"w-grid-list\">\t<article class=\"w-grid-item size_1x1 post-1628 us_portfolio type-us_portfolio status-publish has-post-thumbnail hentry us_portfolio_category-imaging us_portfolio_category-instrumentation us_portfolio_category-medical us_portfolio_category-wire-harness-assembly us_portfolio_tag-made-in-france us_portfolio_tag-prototype\" data-id=\"1628\">\r\n\t\t<div class=\"w-grid-item-h\">\r\n\t\t\t\t\t\t<div class=\"w-post-elm post_image usg_post_image_1 stretched\"><a href=\"https:\/\/www.deltaneo.com\/en\/wiring-harnesses-for-medical-applications\/\" aria-label=\"Wiring Harnesses for Medical Applications\"><img loading=\"lazy\" decoding=\"async\" width=\"1024\" height=\"865\" src=\"https:\/\/www.deltaneo.com\/wp-content\/uploads\/2020\/10\/cablage-2-e1604313410577-1024x865.jpg\" class=\"attachment-large size-large wp-post-image\" alt=\"Faisceau \u00e9lectrique miniature pour cam\u00e9ra h\u00e9patique\" srcset=\"https:\/\/www.deltaneo.com\/wp-content\/uploads\/2020\/10\/cablage-2-e1604313410577-1024x865.jpg 1024w, https:\/\/www.deltaneo.com\/wp-content\/uploads\/2020\/10\/cablage-2-e1604313410577-300x254.jpg 300w\" sizes=\"auto, (max-width: 1024px) 100vw, 1024px\" \/><\/a><\/div><div class=\"w-vwrapper usg_vwrapper_1 align_center valign_middle\"><h2 class=\"w-post-elm post_title usg_post_title_1 has_text_color entry-title color_link_inherit\"><a href=\"https:\/\/www.deltaneo.com\/en\/wiring-harnesses-for-medical-applications\/\">Wiring Harnesses for Medical Applications<\/a><\/h2><a class=\"w-btn us-btn-style_6 usg_btn_1 icon_atleft text_none\" aria-label=\"Button\" href=\"https:\/\/www.deltaneo.com\/en\/wiring-harnesses-for-medical-applications\/\"><i class=\"far fa-plus\"><\/i><\/a><\/div>\t\t<\/div>\r\n\t\t\t<\/article>\r\n<\/div><div class=\"w-grid-preloader\">\t<div class=\"g-preloader type_1\">\r\n\t\t<div><\/div>\r\n\t<\/div>\r\n\t<\/div>\t<div class=\"w-grid-json hidden\" onclick='return {&quot;action&quot;:&quot;us_ajax_grid&quot;,&quot;infinite_scroll&quot;:0,&quot;max_num_pages&quot;:1,&quot;pagination&quot;:&quot;infinite&quot;,&quot;template_vars&quot;:{&quot;columns&quot;:&quot;3&quot;,&quot;exclude_items&quot;:&quot;none&quot;,&quot;img_size&quot;:&quot;default&quot;,&quot;ignore_items_size&quot;:0,&quot;items_layout&quot;:&quot;358&quot;,&quot;items_offset&quot;:&quot;1&quot;,&quot;load_animation&quot;:&quot;none&quot;,&quot;overriding_link&quot;:&quot;{\\&quot;url\\&quot;:\\&quot;\\&quot;}&quot;,&quot;post_id&quot;:0,&quot;query_args&quot;:{&quot;post_type&quot;:[&quot;us_portfolio&quot;],&quot;tax_query&quot;:[{&quot;taxonomy&quot;:&quot;us_portfolio_category&quot;,&quot;field&quot;:&quot;slug&quot;,&quot;terms&quot;:[&quot;wire-harness-assembly&quot;]}],&quot;post_status&quot;:[&quot;publish&quot;],&quot;posts_per_page&quot;:&quot;10&quot;},&quot;orderby_query_args&quot;:{&quot;orderby&quot;:{&quot;date&quot;:&quot;DESC&quot;}},&quot;type&quot;:&quot;masonry&quot;,&quot;us_grid_post_type&quot;:&quot;us_portfolio&quot;,&quot;us_grid_ajax_index&quot;:1,&quot;us_grid_filter_query_string&quot;:null,&quot;us_grid_index&quot;:1,&quot;page_args&quot;:[],&quot;lang&quot;:&quot;en&quot;}}'><\/div>\r\n\t<\/div><\/div><\/div><\/div><\/div><\/div><\/section><section class=\"l-section wpb_row height_medium\"><div class=\"l-section-h i-cf\"><div class=\"g-cols vc_row via_flex valign_top type_default stacking_default\"><div class=\"vc_col-sm-12 wpb_column vc_column_container\"><div class=\"vc_column-inner\"><div class=\"wpb_wrapper\"><div class=\"w-grid type_carousel layout_1089 preload_style_spinner items_5\" id=\"us_grid_2\" style=\"--items:5;--gap:15px;\"><style>.layout_1089 .w-grid-item-h{}<\/style><div class=\"w-grid-list owl-carousel valign_middle dotstyle_circle navstyle_circle navpos_outside owl-responsive-2000 with_dots\" style=\"--transition-duration:350ms;\">\t<article class=\"w-grid-item post-1962 attachment type-attachment status-inherit hentry\" data-id=\"1962\">\r\n\t\t<div class=\"w-grid-item-h\">\r\n\t\t\t\t\t\t<div class=\"w-post-elm post_image usg_post_image_1\"><img loading=\"lazy\" decoding=\"async\" width=\"247\" height=\"300\" src=\"https:\/\/www.deltaneo.com\/wp-content\/uploads\/2020\/11\/Image2-247x300.jpg\" class=\"attachment-medium size-medium\" alt=\"\" srcset=\"https:\/\/www.deltaneo.com\/wp-content\/uploads\/2020\/11\/Image2-247x300.jpg 247w, https:\/\/www.deltaneo.com\/wp-content\/uploads\/2020\/11\/Image2.jpg 561w\" sizes=\"auto, (max-width: 247px) 100vw, 247px\" \/><\/div>\t\t<\/div>\r\n\t\t\t<\/article>\r\n\t<article class=\"w-grid-item post-1961 attachment type-attachment status-inherit hentry\" data-id=\"1961\">\r\n\t\t<div class=\"w-grid-item-h\">\r\n\t\t\t\t\t\t<div class=\"w-post-elm post_image usg_post_image_1\"><img loading=\"lazy\" decoding=\"async\" width=\"300\" height=\"233\" src=\"https:\/\/www.deltaneo.com\/wp-content\/uploads\/2020\/11\/Image1-300x233.png\" class=\"attachment-medium size-medium\" alt=\"\" srcset=\"https:\/\/www.deltaneo.com\/wp-content\/uploads\/2020\/11\/Image1-300x233.png 300w, https:\/\/www.deltaneo.com\/wp-content\/uploads\/2020\/11\/Image1.png 708w\" sizes=\"auto, (max-width: 300px) 100vw, 300px\" \/><\/div>\t\t<\/div>\r\n\t\t\t<\/article>\r\n\t<article class=\"w-grid-item post-1960 attachment type-attachment status-inherit hentry\" data-id=\"1960\">\r\n\t\t<div class=\"w-grid-item-h\">\r\n\t\t\t\t\t\t<div class=\"w-post-elm post_image usg_post_image_1\"><img loading=\"lazy\" decoding=\"async\" width=\"300\" height=\"123\" src=\"https:\/\/www.deltaneo.com\/wp-content\/uploads\/2020\/11\/Image1-300x123.jpg\" class=\"attachment-medium size-medium\" alt=\"\" srcset=\"https:\/\/www.deltaneo.com\/wp-content\/uploads\/2020\/11\/Image1-300x123.jpg 300w, https:\/\/www.deltaneo.com\/wp-content\/uploads\/2020\/11\/Image1-1024x421.jpg 1024w, https:\/\/www.deltaneo.com\/wp-content\/uploads\/2020\/11\/Image1.jpg 1081w\" sizes=\"auto, (max-width: 300px) 100vw, 300px\" \/><\/div>\t\t<\/div>\r\n\t\t\t<\/article>\r\n\t<article class=\"w-grid-item post-1959 attachment type-attachment status-inherit hentry\" data-id=\"1959\">\r\n\t\t<div class=\"w-grid-item-h\">\r\n\t\t\t\t\t\t<div class=\"w-post-elm post_image usg_post_image_1\"><img loading=\"lazy\" decoding=\"async\" width=\"300\" height=\"239\" src=\"https:\/\/www.deltaneo.com\/wp-content\/uploads\/2020\/11\/CABLAGE-1-300x239.jpg\" class=\"attachment-medium size-medium\" alt=\"\" srcset=\"https:\/\/www.deltaneo.com\/wp-content\/uploads\/2020\/11\/CABLAGE-1-300x239.jpg 300w, https:\/\/www.deltaneo.com\/wp-content\/uploads\/2020\/11\/CABLAGE-1-1024x815.jpg 1024w\" sizes=\"auto, (max-width: 300px) 100vw, 300px\" \/><\/div>\t\t<\/div>\r\n\t\t\t<\/article>\r\n\t<article class=\"w-grid-item post-1957 attachment type-attachment status-inherit hentry\" data-id=\"1957\">\r\n\t\t<div class=\"w-grid-item-h\">\r\n\t\t\t\t\t\t<div class=\"w-post-elm post_image usg_post_image_1\"><img loading=\"lazy\" decoding=\"async\" width=\"300\" height=\"170\" src=\"https:\/\/www.deltaneo.com\/wp-content\/uploads\/2020\/11\/Image8-300x170.jpg\" class=\"attachment-medium size-medium\" alt=\"\" srcset=\"https:\/\/www.deltaneo.com\/wp-content\/uploads\/2020\/11\/Image8-300x170.jpg 300w, https:\/\/www.deltaneo.com\/wp-content\/uploads\/2020\/11\/Image8.jpg 420w\" sizes=\"auto, (max-width: 300px) 100vw, 300px\" \/><\/div>\t\t<\/div>\r\n\t\t\t<\/article>\r\n\t<article class=\"w-grid-item post-1956 attachment type-attachment status-inherit hentry\" data-id=\"1956\">\r\n\t\t<div class=\"w-grid-item-h\">\r\n\t\t\t\t\t\t<div class=\"w-post-elm post_image usg_post_image_1\"><img loading=\"lazy\" decoding=\"async\" width=\"166\" height=\"296\" src=\"https:\/\/www.deltaneo.com\/wp-content\/uploads\/2020\/11\/Image7.jpg\" class=\"attachment-medium size-medium\" alt=\"\" \/><\/div>\t\t<\/div>\r\n\t\t\t<\/article>\r\n\t<article class=\"w-grid-item post-1955 attachment type-attachment status-inherit hentry\" data-id=\"1955\">\r\n\t\t<div class=\"w-grid-item-h\">\r\n\t\t\t\t\t\t<div class=\"w-post-elm post_image usg_post_image_1\"><img loading=\"lazy\" decoding=\"async\" width=\"166\" height=\"296\" src=\"https:\/\/www.deltaneo.com\/wp-content\/uploads\/2020\/11\/Image6.jpg\" class=\"attachment-medium size-medium\" alt=\"\" \/><\/div>\t\t<\/div>\r\n\t\t\t<\/article>\r\n\t<article class=\"w-grid-item post-1954 attachment type-attachment status-inherit hentry\" data-id=\"1954\">\r\n\t\t<div class=\"w-grid-item-h\">\r\n\t\t\t\t\t\t<div class=\"w-post-elm post_image usg_post_image_1\"><img loading=\"lazy\" decoding=\"async\" width=\"300\" height=\"169\" src=\"https:\/\/www.deltaneo.com\/wp-content\/uploads\/2020\/11\/Image5-300x169.jpg\" class=\"attachment-medium size-medium\" alt=\"\" srcset=\"https:\/\/www.deltaneo.com\/wp-content\/uploads\/2020\/11\/Image5-300x169.jpg 300w, https:\/\/www.deltaneo.com\/wp-content\/uploads\/2020\/11\/Image5.jpg 525w\" sizes=\"auto, (max-width: 300px) 100vw, 300px\" \/><\/div>\t\t<\/div>\r\n\t\t\t<\/article>\r\n\t<article class=\"w-grid-item post-1953 attachment type-attachment status-inherit hentry\" data-id=\"1953\">\r\n\t\t<div class=\"w-grid-item-h\">\r\n\t\t\t\t\t\t<div class=\"w-post-elm post_image usg_post_image_1\"><img loading=\"lazy\" decoding=\"async\" width=\"300\" height=\"211\" src=\"https:\/\/www.deltaneo.com\/wp-content\/uploads\/2020\/11\/Image4-300x211.jpg\" class=\"attachment-medium size-medium\" alt=\"\" srcset=\"https:\/\/www.deltaneo.com\/wp-content\/uploads\/2020\/11\/Image4-300x211.jpg 300w, https:\/\/www.deltaneo.com\/wp-content\/uploads\/2020\/11\/Image4.jpg 531w\" sizes=\"auto, (max-width: 300px) 100vw, 300px\" \/><\/div>\t\t<\/div>\r\n\t\t\t<\/article>\r\n\t<article class=\"w-grid-item post-1952 attachment type-attachment status-inherit hentry\" data-id=\"1952\">\r\n\t\t<div class=\"w-grid-item-h\">\r\n\t\t\t\t\t\t<div class=\"w-post-elm post_image usg_post_image_1\"><img loading=\"lazy\" decoding=\"async\" width=\"300\" height=\"209\" src=\"https:\/\/www.deltaneo.com\/wp-content\/uploads\/2020\/11\/Image3-300x209.jpg\" class=\"attachment-medium size-medium\" alt=\"\" srcset=\"https:\/\/www.deltaneo.com\/wp-content\/uploads\/2020\/11\/Image3-300x209.jpg 300w, https:\/\/www.deltaneo.com\/wp-content\/uploads\/2020\/11\/Image3.jpg 527w\" sizes=\"auto, (max-width: 300px) 100vw, 300px\" \/><\/div>\t\t<\/div>\r\n\t\t\t<\/article>\r\n\t<article class=\"w-grid-item post-1958 attachment type-attachment status-inherit hentry\" data-id=\"1958\">\r\n\t\t<div class=\"w-grid-item-h\">\r\n\t\t\t\t\t\t<div class=\"w-post-elm post_image usg_post_image_1\"><img loading=\"lazy\" decoding=\"async\" width=\"236\" height=\"133\" src=\"https:\/\/www.deltaneo.com\/wp-content\/uploads\/2020\/11\/Image9.jpg\" class=\"attachment-medium size-medium\" alt=\"\" \/><\/div>\t\t<\/div>\r\n\t\t\t<\/article>\r\n<\/div>\t<div class=\"g-preloader type_1\">\r\n\t\t<div><\/div>\r\n\t<\/div>\r\n\t\t<div class=\"w-grid-json hidden\" onclick='return {&quot;action&quot;:&quot;us_ajax_grid&quot;,&quot;infinite_scroll&quot;:0,&quot;max_num_pages&quot;:1,&quot;pagination&quot;:&quot;none&quot;,&quot;template_vars&quot;:{&quot;columns&quot;:&quot;&quot;,&quot;exclude_items&quot;:&quot;none&quot;,&quot;img_size&quot;:&quot;medium&quot;,&quot;ignore_items_size&quot;:0,&quot;items_layout&quot;:&quot;1089&quot;,&quot;items_offset&quot;:&quot;0px&quot;,&quot;load_animation&quot;:&quot;none&quot;,&quot;overriding_link&quot;:&quot;{\\&quot;url\\&quot;:\\&quot;\\&quot;}&quot;,&quot;post_id&quot;:0,&quot;query_args&quot;:{&quot;post_type&quot;:[&quot;attachment&quot;],&quot;post__in&quot;:[&quot;1223&quot;,&quot;1222&quot;,&quot;1221&quot;,&quot;1220&quot;,&quot;1217&quot;,&quot;1216&quot;,&quot;1215&quot;,&quot;1214&quot;,&quot;1213&quot;,&quot;1212&quot;,&quot;1218&quot;],&quot;post_status&quot;:&quot;inherit&quot;,&quot;post_mime_type&quot;:&quot;image&quot;,&quot;posts_per_page&quot;:999},&quot;orderby_query_args&quot;:{&quot;orderby&quot;:{&quot;post__in&quot;:&quot;ASC&quot;},&quot;order&quot;:&quot;ASC&quot;},&quot;type&quot;:&quot;carousel&quot;,&quot;us_grid_post_type&quot;:&quot;attachment&quot;,&quot;us_grid_ajax_index&quot;:2,&quot;us_grid_filter_query_string&quot;:null,&quot;us_grid_index&quot;:2,&quot;page_args&quot;:[],&quot;lang&quot;:&quot;en&quot;},&quot;carousel_settings&quot;:{&quot;aria_labels&quot;:{&quot;prev&quot;:&quot;Previous&quot;,&quot;next&quot;:&quot;Next&quot;},&quot;autoplayContinual&quot;:false,&quot;autoplayHoverPause&quot;:false,&quot;autoplayTimeout&quot;:3000,&quot;autoWidth&quot;:false,&quot;smartSpeed&quot;:350,&quot;margin&quot;:0,&quot;mouseDrag&quot;:true,&quot;rtl&quot;:false,&quot;slideBy&quot;:&quot;1&quot;,&quot;touchDrag&quot;:true,&quot;slideTransition&quot;:&quot;&quot;,&quot;responsive&quot;:{&quot;0&quot;:{&quot;autoHeight&quot;:false,&quot;autoplay&quot;:true,&quot;autoWidth&quot;:false,&quot;center&quot;:false,&quot;dots&quot;:true,&quot;items&quot;:2,&quot;loop&quot;:true,&quot;nav&quot;:false,&quot;stagePadding&quot;:0,&quot;slideBy&quot;:&quot;1&quot;},&quot;601&quot;:{&quot;autoHeight&quot;:false,&quot;autoplay&quot;:true,&quot;autoWidth&quot;:false,&quot;center&quot;:false,&quot;dots&quot;:true,&quot;items&quot;:3,&quot;loop&quot;:true,&quot;nav&quot;:false,&quot;stagePadding&quot;:0,&quot;slideBy&quot;:&quot;1&quot;},&quot;1025&quot;:{&quot;autoHeight&quot;:false,&quot;autoplay&quot;:true,&quot;autoWidth&quot;:false,&quot;center&quot;:false,&quot;dots&quot;:true,&quot;items&quot;:4,&quot;loop&quot;:true,&quot;nav&quot;:false,&quot;stagePadding&quot;:0,&quot;slideBy&quot;:&quot;1&quot;},&quot;1281&quot;:{&quot;items&quot;:5,&quot;autoplay&quot;:true,&quot;center&quot;:false,&quot;dots&quot;:true,&quot;nav&quot;:false,&quot;autoHeight&quot;:false,&quot;autoWidth&quot;:false,&quot;loop&quot;:true,&quot;stagePadding&quot;:0}}}}'><\/div>\r\n\t<\/div><\/div><\/div><\/div><\/div><\/div><\/section>\n","protected":false},"excerpt":{"rendered":"","protected":false},"author":7,"featured_media":0,"parent":2932,"menu_order":6,"comment_status":"closed","ping_status":"closed","template":"","meta":{"_monsterinsights_skip_tracking":false,"_monsterinsights_sitenote_active":false,"_monsterinsights_sitenote_note":"","_monsterinsights_sitenote_category":0,"footnotes":""},"class_list":["post-2994","page","type-page","status-publish","hentry"],"yoast_head":"<!-- This site is optimized with the Yoast SEO plugin v27.3 - https:\/\/yoast.com\/product\/yoast-seo-wordpress\/ -->\n<title>Wire Harness Assembly - DELTA NEO<\/title>\n<meta name=\"robots\" content=\"index, follow, max-snippet:-1, max-image-preview:large, max-video-preview:-1\" \/>\n<link rel=\"canonical\" href=\"https:\/\/www.deltaneo.com\/en\/our-expertise\/wire-harness-assembly\/\" \/>\n<meta property=\"og:locale\" content=\"en_US\" \/>\n<meta property=\"og:type\" content=\"article\" \/>\n<meta property=\"og:title\" content=\"Wire Harness Assembly - DELTA NEO\" \/>\n<meta property=\"og:url\" content=\"https:\/\/www.deltaneo.com\/en\/our-expertise\/wire-harness-assembly\/\" \/>\n<meta property=\"og:site_name\" content=\"DELTA NEO\" \/>\n<meta property=\"article:publisher\" content=\"https:\/\/www.facebook.com\/DELTA-NEO-607988502995641\" \/>\n<meta property=\"article:modified_time\" content=\"2023-01-26T12:42:35+00:00\" \/>\n<meta name=\"twitter:card\" content=\"summary_large_image\" \/>\n<meta name=\"twitter:label1\" content=\"Est. reading time\" \/>\n\t<meta name=\"twitter:data1\" content=\"1 minute\" \/>\n<script type=\"application\/ld+json\" class=\"yoast-schema-graph\">{\"@context\":\"https:\\\/\\\/schema.org\",\"@graph\":[{\"@type\":\"WebPage\",\"@id\":\"https:\\\/\\\/www.deltaneo.com\\\/en\\\/our-expertise\\\/wire-harness-assembly\\\/\",\"url\":\"https:\\\/\\\/www.deltaneo.com\\\/en\\\/our-expertise\\\/wire-harness-assembly\\\/\",\"name\":\"Wire Harness Assembly - DELTA NEO\",\"isPartOf\":{\"@id\":\"https:\\\/\\\/www.deltaneo.com\\\/#website\"},\"datePublished\":\"2021-05-07T09:38:16+00:00\",\"dateModified\":\"2023-01-26T12:42:35+00:00\",\"breadcrumb\":{\"@id\":\"https:\\\/\\\/www.deltaneo.com\\\/en\\\/our-expertise\\\/wire-harness-assembly\\\/#breadcrumb\"},\"inLanguage\":\"en-US\",\"potentialAction\":[{\"@type\":\"ReadAction\",\"target\":[\"https:\\\/\\\/www.deltaneo.com\\\/en\\\/our-expertise\\\/wire-harness-assembly\\\/\"]}]},{\"@type\":\"BreadcrumbList\",\"@id\":\"https:\\\/\\\/www.deltaneo.com\\\/en\\\/our-expertise\\\/wire-harness-assembly\\\/#breadcrumb\",\"itemListElement\":[{\"@type\":\"ListItem\",\"position\":1,\"name\":\"Accueil\",\"item\":\"https:\\\/\\\/www.deltaneo.com\\\/en\\\/\"},{\"@type\":\"ListItem\",\"position\":2,\"name\":\"Our Expertise\",\"item\":\"https:\\\/\\\/www.deltaneo.com\\\/en\\\/our-expertise\\\/\"},{\"@type\":\"ListItem\",\"position\":3,\"name\":\"Wire Harness Assembly\"}]},{\"@type\":\"WebSite\",\"@id\":\"https:\\\/\\\/www.deltaneo.com\\\/#website\",\"url\":\"https:\\\/\\\/www.deltaneo.com\\\/\",\"name\":\"DELTA NEO\",\"description\":\"Inventons votre diff\u00e9rence\",\"publisher\":{\"@id\":\"https:\\\/\\\/www.deltaneo.com\\\/#organization\"},\"potentialAction\":[{\"@type\":\"SearchAction\",\"target\":{\"@type\":\"EntryPoint\",\"urlTemplate\":\"https:\\\/\\\/www.deltaneo.com\\\/?s={search_term_string}\"},\"query-input\":{\"@type\":\"PropertyValueSpecification\",\"valueRequired\":true,\"valueName\":\"search_term_string\"}}],\"inLanguage\":\"en-US\"},{\"@type\":\"Organization\",\"@id\":\"https:\\\/\\\/www.deltaneo.com\\\/#organization\",\"name\":\"Delta Neo\",\"url\":\"https:\\\/\\\/www.deltaneo.com\\\/\",\"logo\":{\"@type\":\"ImageObject\",\"inLanguage\":\"en-US\",\"@id\":\"https:\\\/\\\/www.deltaneo.com\\\/#\\\/schema\\\/logo\\\/image\\\/\",\"url\":\"https:\\\/\\\/www.deltaneo.com\\\/wp-content\\\/uploads\\\/2020\\\/11\\\/Logo-DELTA-NEO.png\",\"contentUrl\":\"https:\\\/\\\/www.deltaneo.com\\\/wp-content\\\/uploads\\\/2020\\\/11\\\/Logo-DELTA-NEO.png\",\"width\":800,\"height\":800,\"caption\":\"Delta Neo\"},\"image\":{\"@id\":\"https:\\\/\\\/www.deltaneo.com\\\/#\\\/schema\\\/logo\\\/image\\\/\"},\"sameAs\":[\"https:\\\/\\\/www.facebook.com\\\/DELTA-NEO-607988502995641\",\"https:\\\/\\\/www.linkedin.com\\\/company\\\/3844478\"]}]}<\/script>\n<!-- \/ Yoast SEO plugin. -->","yoast_head_json":{"title":"Wire Harness Assembly - DELTA NEO","robots":{"index":"index","follow":"follow","max-snippet":"max-snippet:-1","max-image-preview":"max-image-preview:large","max-video-preview":"max-video-preview:-1"},"canonical":"https:\/\/www.deltaneo.com\/en\/our-expertise\/wire-harness-assembly\/","og_locale":"en_US","og_type":"article","og_title":"Wire Harness Assembly - DELTA NEO","og_url":"https:\/\/www.deltaneo.com\/en\/our-expertise\/wire-harness-assembly\/","og_site_name":"DELTA NEO","article_publisher":"https:\/\/www.facebook.com\/DELTA-NEO-607988502995641","article_modified_time":"2023-01-26T12:42:35+00:00","twitter_card":"summary_large_image","twitter_misc":{"Est. reading time":"1 minute"},"schema":{"@context":"https:\/\/schema.org","@graph":[{"@type":"WebPage","@id":"https:\/\/www.deltaneo.com\/en\/our-expertise\/wire-harness-assembly\/","url":"https:\/\/www.deltaneo.com\/en\/our-expertise\/wire-harness-assembly\/","name":"Wire Harness Assembly - DELTA NEO","isPartOf":{"@id":"https:\/\/www.deltaneo.com\/#website"},"datePublished":"2021-05-07T09:38:16+00:00","dateModified":"2023-01-26T12:42:35+00:00","breadcrumb":{"@id":"https:\/\/www.deltaneo.com\/en\/our-expertise\/wire-harness-assembly\/#breadcrumb"},"inLanguage":"en-US","potentialAction":[{"@type":"ReadAction","target":["https:\/\/www.deltaneo.com\/en\/our-expertise\/wire-harness-assembly\/"]}]},{"@type":"BreadcrumbList","@id":"https:\/\/www.deltaneo.com\/en\/our-expertise\/wire-harness-assembly\/#breadcrumb","itemListElement":[{"@type":"ListItem","position":1,"name":"Accueil","item":"https:\/\/www.deltaneo.com\/en\/"},{"@type":"ListItem","position":2,"name":"Our Expertise","item":"https:\/\/www.deltaneo.com\/en\/our-expertise\/"},{"@type":"ListItem","position":3,"name":"Wire Harness Assembly"}]},{"@type":"WebSite","@id":"https:\/\/www.deltaneo.com\/#website","url":"https:\/\/www.deltaneo.com\/","name":"DELTA NEO","description":"Inventons votre diff\u00e9rence","publisher":{"@id":"https:\/\/www.deltaneo.com\/#organization"},"potentialAction":[{"@type":"SearchAction","target":{"@type":"EntryPoint","urlTemplate":"https:\/\/www.deltaneo.com\/?s={search_term_string}"},"query-input":{"@type":"PropertyValueSpecification","valueRequired":true,"valueName":"search_term_string"}}],"inLanguage":"en-US"},{"@type":"Organization","@id":"https:\/\/www.deltaneo.com\/#organization","name":"Delta Neo","url":"https:\/\/www.deltaneo.com\/","logo":{"@type":"ImageObject","inLanguage":"en-US","@id":"https:\/\/www.deltaneo.com\/#\/schema\/logo\/image\/","url":"https:\/\/www.deltaneo.com\/wp-content\/uploads\/2020\/11\/Logo-DELTA-NEO.png","contentUrl":"https:\/\/www.deltaneo.com\/wp-content\/uploads\/2020\/11\/Logo-DELTA-NEO.png","width":800,"height":800,"caption":"Delta Neo"},"image":{"@id":"https:\/\/www.deltaneo.com\/#\/schema\/logo\/image\/"},"sameAs":["https:\/\/www.facebook.com\/DELTA-NEO-607988502995641","https:\/\/www.linkedin.com\/company\/3844478"]}]}},"_links":{"self":[{"href":"https:\/\/www.deltaneo.com\/en\/wp-json\/wp\/v2\/pages\/2994","targetHints":{"allow":["GET"]}}],"collection":[{"href":"https:\/\/www.deltaneo.com\/en\/wp-json\/wp\/v2\/pages"}],"about":[{"href":"https:\/\/www.deltaneo.com\/en\/wp-json\/wp\/v2\/types\/page"}],"author":[{"embeddable":true,"href":"https:\/\/www.deltaneo.com\/en\/wp-json\/wp\/v2\/users\/7"}],"replies":[{"embeddable":true,"href":"https:\/\/www.deltaneo.com\/en\/wp-json\/wp\/v2\/comments?post=2994"}],"version-history":[{"count":5,"href":"https:\/\/www.deltaneo.com\/en\/wp-json\/wp\/v2\/pages\/2994\/revisions"}],"predecessor-version":[{"id":4424,"href":"https:\/\/www.deltaneo.com\/en\/wp-json\/wp\/v2\/pages\/2994\/revisions\/4424"}],"up":[{"embeddable":true,"href":"https:\/\/www.deltaneo.com\/en\/wp-json\/wp\/v2\/pages\/2932"}],"wp:attachment":[{"href":"https:\/\/www.deltaneo.com\/en\/wp-json\/wp\/v2\/media?parent=2994"}],"curies":[{"name":"wp","href":"https:\/\/api.w.org\/{rel}","templated":true}]}}